{"id":482,"date":"2025-02-24T13:49:28","date_gmt":"2025-02-24T05:49:28","guid":{"rendered":"https:\/\/catalystsolutions.corpwebz.com\/pl\/?page_id=482"},"modified":"2025-03-18T11:27:28","modified_gmt":"2025-03-18T03:27:28","slug":"virtual-bookshelf","status":"publish","type":"page","link":"https:\/\/catalystsolutions.corpwebz.com\/pl\/virtual-bookshelf\/","title":{"rendered":"Virtual Bookshelf"},"content":{"rendered":"<div class=\"pt-cv-wrapper\"><div class=\"pt-cv-view pt-cv-blockgrid iscvblock iscvhybrid grid1 layout1\" id=\"pt-cv-view-d0c0802xuf\"><div data-id=\"pt-cv-page-1\" class=\"pt-cv-page\" data-cvc=\"3\"><div class=\" pt-cv-content-item pt-cv-1-col\" ><div class=\"pt-cv-thumb-wrapper  \"><a href=\"https:\/\/catalystsolutions.corpwebz.com\/pl\/gaming-and-tech-vault\/\" class=\"_self pt-cv-href-thumbnail pt-cv-thumb-default\" target=\"_self\" ><img loading=\"lazy\" decoding=\"async\" width=\"1024\" height=\"1024\" src=\"https:\/\/catalystsolutions.corpwebz.com\/pl\/wp-content\/uploads\/sites\/11\/2026\/03\/gametechbookshelfthumb.png\" class=\"pt-cv-thumbnail\" alt=\"\" \/><\/a><\/div>\n<div class=\"pt-cv-taxoterm above_title\"><a href='https:\/\/catalystsolutions.corpwebz.com\/pl\/category\/bookshelf\/' title='Bookshelf' class='pt-cv-tax-bookshelf'>Bookshelf<\/a><\/div>\n<h4 class=\"pt-cv-title\"><a href=\"https:\/\/catalystsolutions.corpwebz.com\/pl\/gaming-and-tech-vault\/\" class=\"_self\" target=\"_self\" >Sztetna wirtualna p\u00f3\u0142ka z ksi\u0105\u017ckami dla raport\u00f3w z bran\u017cy gier i technologii<\/a><\/h4><\/div>\n<div class=\" pt-cv-content-item pt-cv-1-col\" ><div class=\"pt-cv-thumb-wrapper  \"><a href=\"https:\/\/catalystsolutions.corpwebz.com\/pl\/a-sleek-virtual-bookshelf-for-gaming-tech-industry-reports\/\" class=\"_self pt-cv-href-thumbnail pt-cv-thumb-default\" target=\"_self\" ><img loading=\"lazy\" decoding=\"async\" width=\"1024\" height=\"1024\" src=\"https:\/\/catalystsolutions.corpwebz.com\/pl\/wp-content\/uploads\/sites\/11\/2026\/03\/A-Sleek-Virtual-Bookshelf-for-Gaming-Tech-Industry-Reports_thumb.png\" class=\"pt-cv-thumbnail\" alt=\"\" \/><\/a><\/div>\n<div class=\"pt-cv-taxoterm above_title\"><a href='https:\/\/catalystsolutions.corpwebz.com\/pl\/category\/bookshelf\/' title='Bookshelf' class='pt-cv-tax-bookshelf'>Bookshelf<\/a><\/div>\n<h4 class=\"pt-cv-title\"><a href=\"https:\/\/catalystsolutions.corpwebz.com\/pl\/a-sleek-virtual-bookshelf-for-gaming-tech-industry-reports\/\" class=\"_self\" target=\"_self\" >Inteligentna wirtualna p\u00f3\u0142ka z ksi\u0105\u017ckami do raport\u00f3w i wytycznych z dziedziny HealthTech<\/a><\/h4><\/div><\/div><\/div><\/div>\t\t\t<style type=\"text\/css\" id=\"pt-cv-inline-style-304694cxf3\">\n#pt-cv-view-d0c0802xuf .pt-cv-thumb-wrapper:not(.miniwrap) {  }#pt-cv-view-d0c0802xuf .pt-cv-thumbnail:not(.pt-cv-thumbnailsm) { height: 250px; }#pt-cv-view-d0c0802xuf > .pt-cv-page {grid-template-columns: repeat(3, 1fr);grid-gap: 15px;}\n@media all and (max-width: 1024px) { \n#pt-cv-view-d0c0802xuf > .pt-cv-page {grid-template-columns: repeat(1, 1fr);}\n} \n@media all and (max-width: 767px) { \n#pt-cv-view-d0c0802xuf > .pt-cv-page {grid-template-columns: repeat(1, 1fr);}\n} <\/style>\r\n\t\t\t\n","protected":false},"excerpt":{"rendered":"","protected":false},"author":1,"featured_media":0,"parent":0,"menu_order":0,"comment_status":"closed","ping_status":"closed","template":"","meta":{"_yoast_wpseo_title":"","_yoast_wpseo_metadesc":"","_uag_custom_page_level_css":"","footnotes":""},"class_list":["post-482","page","type-page","status-publish","hentry"],"yoast_head":"<!-- This site is optimized with the Yoast SEO plugin v23.9 - https:\/\/yoast.com\/wordpress\/plugins\/seo\/ -->\n<title>Virtual Bookshelf - Catalyst Solutions Polish<\/title>\n<meta name=\"robots\" content=\"index, follow, max-snippet:-1, max-image-preview:large, max-video-preview:-1\" \/>\n<link rel=\"canonical\" href=\"https:\/\/catalystsolutions.corpwebz.com\/pl\/virtual-bookshelf\/\" \/>\n<meta property=\"og:locale\" content=\"pl_PL\" \/>\n<meta property=\"og:type\" content=\"article\" \/>\n<meta property=\"og:title\" content=\"Virtual Bookshelf - Catalyst Solutions Polish\" \/>\n<meta property=\"og:url\" content=\"https:\/\/catalystsolutions.corpwebz.com\/pl\/virtual-bookshelf\/\" \/>\n<meta property=\"og:site_name\" content=\"Catalyst Solutions Polish\" \/>\n<meta property=\"article:modified_time\" content=\"2025-03-18T03:27:28+00:00\" \/>\n<meta name=\"twitter:card\" content=\"summary_large_image\" \/>\n<meta name=\"twitter:label1\" content=\"Szacowany czas czytania\" \/>\n\t<meta name=\"twitter:data1\" content=\"1 minuta\" \/>\n<script type=\"application\/ld+json\" class=\"yoast-schema-graph\">{\"@context\":\"https:\/\/schema.org\",\"@graph\":[{\"@type\":\"WebPage\",\"@id\":\"https:\/\/catalystsolutions.corpwebz.com\/pl\/virtual-bookshelf\/\",\"url\":\"https:\/\/catalystsolutions.corpwebz.com\/pl\/virtual-bookshelf\/\",\"name\":\"Virtual Bookshelf - Catalyst Solutions Polish\",\"isPartOf\":{\"@id\":\"https:\/\/catalystsolutions.corpwebz.com\/pl\/#website\"},\"datePublished\":\"2025-02-24T05:49:28+00:00\",\"dateModified\":\"2025-03-18T03:27:28+00:00\",\"breadcrumb\":{\"@id\":\"https:\/\/catalystsolutions.corpwebz.com\/pl\/virtual-bookshelf\/#breadcrumb\"},\"inLanguage\":\"pl-PL\",\"potentialAction\":[{\"@type\":\"ReadAction\",\"target\":[\"https:\/\/catalystsolutions.corpwebz.com\/pl\/virtual-bookshelf\/\"]}]},{\"@type\":\"BreadcrumbList\",\"@id\":\"https:\/\/catalystsolutions.corpwebz.com\/pl\/virtual-bookshelf\/#breadcrumb\",\"itemListElement\":[{\"@type\":\"ListItem\",\"position\":1,\"name\":\"Home\",\"item\":\"https:\/\/catalystsolutions.corpwebz.com\/pl\/\"},{\"@type\":\"ListItem\",\"position\":2,\"name\":\"Virtual Bookshelf\"}]},{\"@type\":\"WebSite\",\"@id\":\"https:\/\/catalystsolutions.corpwebz.com\/pl\/#website\",\"url\":\"https:\/\/catalystsolutions.corpwebz.com\/pl\/\",\"name\":\"Catalyst Solutions Polish\",\"description\":\"\",\"potentialAction\":[{\"@type\":\"SearchAction\",\"target\":{\"@type\":\"EntryPoint\",\"urlTemplate\":\"https:\/\/catalystsolutions.corpwebz.com\/pl\/?s={search_term_string}\"},\"query-input\":{\"@type\":\"PropertyValueSpecification\",\"valueRequired\":true,\"valueName\":\"search_term_string\"}}],\"inLanguage\":\"pl-PL\"}]}<\/script>\n<!-- \/ Yoast SEO plugin. -->","yoast_head_json":{"title":"Virtual Bookshelf - Catalyst Solutions Polish","robots":{"index":"index","follow":"follow","max-snippet":"max-snippet:-1","max-image-preview":"max-image-preview:large","max-video-preview":"max-video-preview:-1"},"canonical":"https:\/\/catalystsolutions.corpwebz.com\/pl\/virtual-bookshelf\/","og_locale":"pl_PL","og_type":"article","og_title":"Virtual Bookshelf - Catalyst Solutions Polish","og_url":"https:\/\/catalystsolutions.corpwebz.com\/pl\/virtual-bookshelf\/","og_site_name":"Catalyst Solutions Polish","article_modified_time":"2025-03-18T03:27:28+00:00","twitter_card":"summary_large_image","twitter_misc":{"Szacowany czas czytania":"1 minuta"},"schema":{"@context":"https:\/\/schema.org","@graph":[{"@type":"WebPage","@id":"https:\/\/catalystsolutions.corpwebz.com\/pl\/virtual-bookshelf\/","url":"https:\/\/catalystsolutions.corpwebz.com\/pl\/virtual-bookshelf\/","name":"Virtual Bookshelf - Catalyst Solutions Polish","isPartOf":{"@id":"https:\/\/catalystsolutions.corpwebz.com\/pl\/#website"},"datePublished":"2025-02-24T05:49:28+00:00","dateModified":"2025-03-18T03:27:28+00:00","breadcrumb":{"@id":"https:\/\/catalystsolutions.corpwebz.com\/pl\/virtual-bookshelf\/#breadcrumb"},"inLanguage":"pl-PL","potentialAction":[{"@type":"ReadAction","target":["https:\/\/catalystsolutions.corpwebz.com\/pl\/virtual-bookshelf\/"]}]},{"@type":"BreadcrumbList","@id":"https:\/\/catalystsolutions.corpwebz.com\/pl\/virtual-bookshelf\/#breadcrumb","itemListElement":[{"@type":"ListItem","position":1,"name":"Home","item":"https:\/\/catalystsolutions.corpwebz.com\/pl\/"},{"@type":"ListItem","position":2,"name":"Virtual Bookshelf"}]},{"@type":"WebSite","@id":"https:\/\/catalystsolutions.corpwebz.com\/pl\/#website","url":"https:\/\/catalystsolutions.corpwebz.com\/pl\/","name":"Catalyst Solutions Polish","description":"","potentialAction":[{"@type":"SearchAction","target":{"@type":"EntryPoint","urlTemplate":"https:\/\/catalystsolutions.corpwebz.com\/pl\/?s={search_term_string}"},"query-input":{"@type":"PropertyValueSpecification","valueRequired":true,"valueName":"search_term_string"}}],"inLanguage":"pl-PL"}]}},"uagb_featured_image_src":{"full":false,"thumbnail":false,"medium":false,"medium_large":false,"large":false,"1536x1536":false,"2048x2048":false,"column1-1\/3":false,"column1-2\/3":false,"column1-1\/4":false,"column1-2\/5":false,"column2-1\/1":false,"column2-1\/2":false,"column2-2\/3":false,"column2-3\/5":false,"column3-1\/1":false,"column3-1\/2":false,"column3-1\/3":false,"column3-2\/3":false,"column4-1\/1":false,"column4-1\/2":false,"column4-2\/3":false},"uagb_author_info":{"display_name":"vpadmin","author_link":"https:\/\/catalystsolutions.corpwebz.com\/pl\/author\/vpadmin\/"},"uagb_comment_info":0,"uagb_excerpt":null,"_links":{"self":[{"href":"https:\/\/catalystsolutions.corpwebz.com\/pl\/wp-json\/wp\/v2\/pages\/482","targetHints":{"allow":["GET"]}}],"collection":[{"href":"https:\/\/catalystsolutions.corpwebz.com\/pl\/wp-json\/wp\/v2\/pages"}],"about":[{"href":"https:\/\/catalystsolutions.corpwebz.com\/pl\/wp-json\/wp\/v2\/types\/page"}],"author":[{"embeddable":true,"href":"https:\/\/catalystsolutions.corpwebz.com\/pl\/wp-json\/wp\/v2\/users\/1"}],"replies":[{"embeddable":true,"href":"https:\/\/catalystsolutions.corpwebz.com\/pl\/wp-json\/wp\/v2\/comments?post=482"}],"version-history":[{"count":2,"href":"https:\/\/catalystsolutions.corpwebz.com\/pl\/wp-json\/wp\/v2\/pages\/482\/revisions"}],"predecessor-version":[{"id":485,"href":"https:\/\/catalystsolutions.corpwebz.com\/pl\/wp-json\/wp\/v2\/pages\/482\/revisions\/485"}],"wp:attachment":[{"href":"https:\/\/catalystsolutions.corpwebz.com\/pl\/wp-json\/wp\/v2\/media?parent=482"}],"curies":[{"name":"wp","href":"https:\/\/api.w.org\/{rel}","templated":true}]}}