{"id":69,"date":"2023-12-19T10:44:59","date_gmt":"2023-12-19T02:44:59","guid":{"rendered":"https:\/\/catalystsolutions.corpwebz.com\/pt\/?page_id=69"},"modified":"2024-01-12T15:14:13","modified_gmt":"2024-01-12T07:14:13","slug":"project-archives","status":"publish","type":"page","link":"https:\/\/catalystsolutions.corpwebz.com\/pt\/project-archives\/","title":{"rendered":"Project Archives"},"content":{"rendered":"\n<div class=\"wp-block-columns promo-block has-vivid-cyan-blue-background-color has-background is-layout-flex wp-container-core-columns-is-layout-9d6595d7 wp-block-columns-is-layout-flex\">\n<div class=\"wp-block-column is-layout-flow wp-block-column-is-layout-flow\" style=\"flex-basis:100%\">\n<div class=\"wp-block-uagb-call-to-action uagb-block-5c7264ef wp-block-button\"><div class=\"uagb-cta__wrap\"><h3 class=\"uagb-cta__title\">Interested in Self-hosting your own Flipbook?<\/h3><p class=\"uagb-cta__desc\">Visual Paradigm Publication Server empowers users to self-host their flipbooks, granting them complete control over the storage and security of their valuable content.<\/p><\/div><div class=\"uagb-cta__buttons\"><a href=\"https:\/\/online.visual-paradigm.com\/flipbook-maker\/self-hosted-service\/\" class=\"uagb-cta__button-link-wrapper wp-block-button__link\" target=\"_blank\" rel=\"noopener noreferrer\">Read More<svg xmlns=\"https:\/\/www.w3.org\/2000\/svg\" viewBox=\"0 0 512 512\"><path d=\"M504.3 273.6l-112.1 104c-6.992 6.484-17.18 8.218-25.94 4.406c-8.758-3.812-14.42-12.45-14.42-21.1L351.9 288H32C14.33 288 .0002 273.7 .0002 255.1S14.33 224 32 224h319.9l0-72c0-9.547 5.66-18.19 14.42-22c8.754-3.809 18.95-2.075 25.94 4.41l112.1 104C514.6 247.9 514.6 264.1 504.3 273.6z\"><\/path><\/svg><\/a><\/div><\/div>\n<\/div>\n<\/div>\n\n\n\n<div style=\"height:20px\" aria-hidden=\"true\" class=\"wp-block-spacer\"><\/div>\n\n\n<div class='pt-cv-wrapper'> <div class=\"pt-cv-view pt-cv-blockgrid iscvblock iscvreal grid1 layout1\" id=\"pt-cv-view-c2wy4k0h\"><div data-id=\"pt-cv-page-1\" class=\"pt-cv-page\" data-cvc=\"3\"><div class=\" pt-cv-content-item pt-cv-1-col\" ><div class=\"pt-cv-thumb-wrapper  \"><a href=\"https:\/\/catalystsolutions.corpwebz.com\/pt\/stellar-solutions-team-meeting\/\" class=\"_self pt-cv-href-thumbnail pt-cv-thumb-default\" target=\"_self\" ><img loading=\"lazy\" decoding=\"async\" width=\"768\" height=\"768\" src=\"https:\/\/catalystsolutions.corpwebz.com\/pt\/wp-content\/uploads\/sites\/8\/2026\/03\/steller-slideshow-768x768.png\" class=\"pt-cv-thumbnail\" alt=\"\" \/><\/a><\/div>\n<div class=\"pt-cv-taxoterm above_title\"><a href='https:\/\/catalystsolutions.corpwebz.com\/pt\/category\/project-archives\/meeting-minutes\/' title='Meeting Minutes' class='pt-cv-tax-meeting-minutes'>Meeting Minutes<\/a><\/div>\n<h4 class=\"pt-cv-title\"><a href=\"https:\/\/catalystsolutions.corpwebz.com\/pt\/stellar-solutions-team-meeting\/\" class=\"_self\" target=\"_self\" >Reuni\u00e3o da Equipe Stellar Solutions<\/a><\/h4><\/div>\n<div class=\" pt-cv-content-item pt-cv-1-col\" ><div class=\"pt-cv-thumb-wrapper  \"><a href=\"https:\/\/catalystsolutions.corpwebz.com\/pt\/innovatech-solutions-meeting-minutes\/\" class=\"_self pt-cv-href-thumbnail pt-cv-thumb-default\" target=\"_self\" ><img loading=\"lazy\" decoding=\"async\" width=\"768\" height=\"768\" src=\"https:\/\/catalystsolutions.corpwebz.com\/pt\/wp-content\/uploads\/sites\/8\/2026\/03\/Innovatech-Solutions-Meeting-Minutes-thumbnail-768x768.png\" class=\"pt-cv-thumbnail\" alt=\"\" \/><\/a><\/div>\n<div class=\"pt-cv-taxoterm above_title\"><a href='https:\/\/catalystsolutions.corpwebz.com\/pt\/category\/project-archives\/meeting-minutes\/' title='Meeting Minutes' class='pt-cv-tax-meeting-minutes'>Meeting Minutes<\/a><\/div>\n<h4 class=\"pt-cv-title\"><a href=\"https:\/\/catalystsolutions.corpwebz.com\/pt\/innovatech-solutions-meeting-minutes\/\" class=\"_self\" target=\"_self\" >Minutas da Reuni\u00e3o da Innovatech Solutions<\/a><\/h4><\/div>\n<div class=\" pt-cv-content-item pt-cv-1-col\" ><div class=\"pt-cv-thumb-wrapper  \"><a href=\"https:\/\/catalystsolutions.corpwebz.com\/pt\/beauty-glow-meeting-minutes\/\" class=\"_self pt-cv-href-thumbnail pt-cv-thumb-default\" target=\"_self\" ><img loading=\"lazy\" decoding=\"async\" width=\"768\" height=\"768\" src=\"https:\/\/catalystsolutions.corpwebz.com\/pt\/wp-content\/uploads\/sites\/8\/2026\/03\/Beauty-Glow-Meeting-Minutes-thumbnail-768x768.png\" class=\"pt-cv-thumbnail\" alt=\"\" \/><\/a><\/div>\n<div class=\"pt-cv-taxoterm above_title\"><a href='https:\/\/catalystsolutions.corpwebz.com\/pt\/category\/project-archives\/meeting-minutes\/' title='Meeting Minutes' class='pt-cv-tax-meeting-minutes'>Meeting Minutes<\/a><\/div>\n<h4 class=\"pt-cv-title\"><a href=\"https:\/\/catalystsolutions.corpwebz.com\/pt\/beauty-glow-meeting-minutes\/\" class=\"_self\" target=\"_self\" >Minutes da Reuni\u00e3o Beauty Glow<\/a><\/h4><\/div>\n<div class=\" pt-cv-content-item pt-cv-1-col\" ><div class=\"pt-cv-thumb-wrapper  \"><a href=\"https:\/\/catalystsolutions.corpwebz.com\/pt\/organic-nourish-marketplace-operations-minutes\/\" class=\"_self pt-cv-href-thumbnail pt-cv-thumb-default\" target=\"_self\" ><img loading=\"lazy\" decoding=\"async\" width=\"768\" height=\"768\" src=\"https:\/\/catalystsolutions.corpwebz.com\/pt\/wp-content\/uploads\/sites\/8\/2026\/03\/organicnourish-thumbnail-768x768.png\" class=\"pt-cv-thumbnail\" alt=\"\" \/><\/a><\/div>\n<div class=\"pt-cv-taxoterm above_title\"><a href='https:\/\/catalystsolutions.corpwebz.com\/pt\/category\/project-archives\/meeting-minutes\/' title='Meeting Minutes' class='pt-cv-tax-meeting-minutes'>Meeting Minutes<\/a><\/div>\n<h4 class=\"pt-cv-title\"><a href=\"https:\/\/catalystsolutions.corpwebz.com\/pt\/organic-nourish-marketplace-operations-minutes\/\" class=\"_self\" target=\"_self\" >Minutas das Opera\u00e7\u00f5es do Mercado Org\u00e2nico Nourish<\/a><\/h4><\/div>\n<div class=\" pt-cv-content-item pt-cv-1-col\" ><div class=\"pt-cv-thumb-wrapper  \"><a href=\"https:\/\/catalystsolutions.corpwebz.com\/pt\/tracking-progress-and-milestones-in-project-archives\/\" class=\"_self pt-cv-href-thumbnail pt-cv-thumb-default\" target=\"_self\" ><img loading=\"lazy\" decoding=\"async\" width=\"768\" height=\"768\" src=\"https:\/\/catalystsolutions.corpwebz.com\/pt\/wp-content\/uploads\/sites\/8\/2026\/03\/23-768x768.png\" class=\"pt-cv-thumbnail\" alt=\"\" \/><\/a><\/div>\n<div class=\"pt-cv-taxoterm above_title\"><a href='https:\/\/catalystsolutions.corpwebz.com\/pt\/category\/project-archives\/' title='Project Archives' class='pt-cv-tax-project-archives'>Project Archives<\/a><a href='https:\/\/catalystsolutions.corpwebz.com\/pt\/category\/project-archives\/project-log\/' title='Project Log' class='pt-cv-tax-project-log'>Project Log<\/a><\/div>\n<h4 class=\"pt-cv-title\"><a href=\"https:\/\/catalystsolutions.corpwebz.com\/pt\/tracking-progress-and-milestones-in-project-archives\/\" class=\"_self\" target=\"_self\" >Rastreamento de Progresso e Marcos em Arquivos de Projetos<\/a><\/h4><\/div>\n<div class=\" pt-cv-content-item pt-cv-1-col\" ><div class=\"pt-cv-thumb-wrapper  \"><a href=\"https:\/\/catalystsolutions.corpwebz.com\/pt\/project-archives-reports-capturing-success-and-lessons-learned\/\" class=\"_self pt-cv-href-thumbnail pt-cv-thumb-default\" target=\"_self\" ><img loading=\"lazy\" decoding=\"async\" width=\"768\" height=\"768\" src=\"https:\/\/catalystsolutions.corpwebz.com\/pt\/wp-content\/uploads\/sites\/8\/2026\/03\/25-768x768.png\" class=\"pt-cv-thumbnail\" alt=\"\" \/><\/a><\/div>\n<div class=\"pt-cv-taxoterm above_title\"><a href='https:\/\/catalystsolutions.corpwebz.com\/pt\/category\/project-archives\/' title='Project Archives' class='pt-cv-tax-project-archives'>Project Archives<\/a><a href='https:\/\/catalystsolutions.corpwebz.com\/pt\/category\/project-archives\/reports\/' title='Reports' class='pt-cv-tax-reports'>Reports<\/a><\/div>\n<h4 class=\"pt-cv-title\"><a href=\"https:\/\/catalystsolutions.corpwebz.com\/pt\/project-archives-reports-capturing-success-and-lessons-learned\/\" class=\"_self\" target=\"_self\" >Relat\u00f3rios de Arquivos de Projetos: Capturando o Sucesso e Li\u00e7\u00f5es Aprendidas<\/a><\/h4><\/div><\/div><\/div> <\/div> <style>\n\n#pt-cv-view-c2wy4k0h .pt-cv-content-item { border-color: #dbdbdb;border-style: solid;padding: 10px 10px 10px 10px;border-width: 1px 1px 1px 1px; }#pt-cv-view-c2wy4k0h .pt-cv-meta-fields {  }#pt-cv-view-c2wy4k0h .pt-cv-meta-fields * { font-size: 13px; }#pt-cv-view-c2wy4k0h .pt-cv-thumb-wrapper:not(.miniwrap) {  }#pt-cv-view-c2wy4k0h .pt-cv-thumbnail:not(.pt-cv-thumbnailsm) { height: 270px; }#pt-cv-view-c2wy4k0h .pt-cv-title a { display: block; }#pt-cv-view-c2wy4k0h .pt-cv-title:not(.pt-cv-titlesm) a { font-weight: 600;text-decoration: none;font-size: 20px; }#pt-cv-view-c2wy4k0h .pt-cv-titlesm a { font-weight: 600;font-size: 18px; }#pt-cv-view-c2wy4k0h .pt-cv-content { font-size: 15px; }#pt-cv-view-c2wy4k0h .pt-cv-readmore { color: #fff;background-color: #0075ff;font-size: 14px; }#pt-cv-view-c2wy4k0h .pt-cv-taxoterm {  }#pt-cv-view-c2wy4k0h .pt-cv-taxoterm * { color: #ffffff;background-color: #abb8c3;font-size: 14px; }#pt-cv-view-c2wy4k0h + .pt-cv-pagination-wrapper {  }#pt-cv-view-c2wy4k0h + .pt-cv-pagination-wrapper a { font-size: 14px; }#pt-cv-view-c2wy4k0h > .pt-cv-page {grid-template-columns: repeat(3, 1fr);grid-gap: 20px;}\n@media all and (max-width: 1024px) { \n#pt-cv-view-c2wy4k0h > .pt-cv-page {}\n} \n@media all and (max-width: 767px) { \n#pt-cv-view-c2wy4k0h > .pt-cv-page {grid-template-columns: repeat(1, 1fr);}\n} <\/style>","protected":false},"excerpt":{"rendered":"","protected":false},"author":1,"featured_media":0,"parent":0,"menu_order":0,"comment_status":"closed","ping_status":"closed","template":"","meta":{"_yoast_wpseo_title":"","_yoast_wpseo_metadesc":"","_uag_custom_page_level_css":"","footnotes":""},"class_list":["post-69","page","type-page","status-publish","hentry"],"yoast_head":"<!-- This site is optimized with the Yoast SEO plugin v23.9 - https:\/\/yoast.com\/wordpress\/plugins\/seo\/ -->\n<title>Project Archives - Catalyst Solutions Portuguese<\/title>\n<meta name=\"robots\" content=\"index, follow, max-snippet:-1, max-image-preview:large, max-video-preview:-1\" \/>\n<link rel=\"canonical\" href=\"https:\/\/catalystsolutions.corpwebz.com\/pt\/project-archives\/\" \/>\n<meta property=\"og:locale\" content=\"pt_PT\" \/>\n<meta property=\"og:type\" content=\"article\" \/>\n<meta property=\"og:title\" content=\"Project Archives - Catalyst Solutions Portuguese\" \/>\n<meta property=\"og:url\" content=\"https:\/\/catalystsolutions.corpwebz.com\/pt\/project-archives\/\" \/>\n<meta property=\"og:site_name\" content=\"Catalyst Solutions Portuguese\" \/>\n<meta property=\"article:modified_time\" content=\"2024-01-12T07:14:13+00:00\" \/>\n<meta name=\"twitter:card\" content=\"summary_large_image\" \/>\n<script type=\"application\/ld+json\" class=\"yoast-schema-graph\">{\"@context\":\"https:\/\/schema.org\",\"@graph\":[{\"@type\":\"WebPage\",\"@id\":\"https:\/\/catalystsolutions.corpwebz.com\/pt\/project-archives\/\",\"url\":\"https:\/\/catalystsolutions.corpwebz.com\/pt\/project-archives\/\",\"name\":\"Project Archives - Catalyst Solutions Portuguese\",\"isPartOf\":{\"@id\":\"https:\/\/catalystsolutions.corpwebz.com\/pt\/#website\"},\"datePublished\":\"2023-12-19T02:44:59+00:00\",\"dateModified\":\"2024-01-12T07:14:13+00:00\",\"breadcrumb\":{\"@id\":\"https:\/\/catalystsolutions.corpwebz.com\/pt\/project-archives\/#breadcrumb\"},\"inLanguage\":\"pt-PT\",\"potentialAction\":[{\"@type\":\"ReadAction\",\"target\":[\"https:\/\/catalystsolutions.corpwebz.com\/pt\/project-archives\/\"]}]},{\"@type\":\"BreadcrumbList\",\"@id\":\"https:\/\/catalystsolutions.corpwebz.com\/pt\/project-archives\/#breadcrumb\",\"itemListElement\":[{\"@type\":\"ListItem\",\"position\":1,\"name\":\"Home\",\"item\":\"https:\/\/catalystsolutions.corpwebz.com\/pt\/\"},{\"@type\":\"ListItem\",\"position\":2,\"name\":\"Project Archives\"}]},{\"@type\":\"WebSite\",\"@id\":\"https:\/\/catalystsolutions.corpwebz.com\/pt\/#website\",\"url\":\"https:\/\/catalystsolutions.corpwebz.com\/pt\/\",\"name\":\"Catalyst Solutions Portuguese\",\"description\":\"\",\"potentialAction\":[{\"@type\":\"SearchAction\",\"target\":{\"@type\":\"EntryPoint\",\"urlTemplate\":\"https:\/\/catalystsolutions.corpwebz.com\/pt\/?s={search_term_string}\"},\"query-input\":{\"@type\":\"PropertyValueSpecification\",\"valueRequired\":true,\"valueName\":\"search_term_string\"}}],\"inLanguage\":\"pt-PT\"}]}<\/script>\n<!-- \/ Yoast SEO plugin. -->","yoast_head_json":{"title":"Project Archives - Catalyst Solutions Portuguese","robots":{"index":"index","follow":"follow","max-snippet":"max-snippet:-1","max-image-preview":"max-image-preview:large","max-video-preview":"max-video-preview:-1"},"canonical":"https:\/\/catalystsolutions.corpwebz.com\/pt\/project-archives\/","og_locale":"pt_PT","og_type":"article","og_title":"Project Archives - Catalyst Solutions Portuguese","og_url":"https:\/\/catalystsolutions.corpwebz.com\/pt\/project-archives\/","og_site_name":"Catalyst Solutions Portuguese","article_modified_time":"2024-01-12T07:14:13+00:00","twitter_card":"summary_large_image","schema":{"@context":"https:\/\/schema.org","@graph":[{"@type":"WebPage","@id":"https:\/\/catalystsolutions.corpwebz.com\/pt\/project-archives\/","url":"https:\/\/catalystsolutions.corpwebz.com\/pt\/project-archives\/","name":"Project Archives - Catalyst Solutions Portuguese","isPartOf":{"@id":"https:\/\/catalystsolutions.corpwebz.com\/pt\/#website"},"datePublished":"2023-12-19T02:44:59+00:00","dateModified":"2024-01-12T07:14:13+00:00","breadcrumb":{"@id":"https:\/\/catalystsolutions.corpwebz.com\/pt\/project-archives\/#breadcrumb"},"inLanguage":"pt-PT","potentialAction":[{"@type":"ReadAction","target":["https:\/\/catalystsolutions.corpwebz.com\/pt\/project-archives\/"]}]},{"@type":"BreadcrumbList","@id":"https:\/\/catalystsolutions.corpwebz.com\/pt\/project-archives\/#breadcrumb","itemListElement":[{"@type":"ListItem","position":1,"name":"Home","item":"https:\/\/catalystsolutions.corpwebz.com\/pt\/"},{"@type":"ListItem","position":2,"name":"Project Archives"}]},{"@type":"WebSite","@id":"https:\/\/catalystsolutions.corpwebz.com\/pt\/#website","url":"https:\/\/catalystsolutions.corpwebz.com\/pt\/","name":"Catalyst Solutions Portuguese","description":"","potentialAction":[{"@type":"SearchAction","target":{"@type":"EntryPoint","urlTemplate":"https:\/\/catalystsolutions.corpwebz.com\/pt\/?s={search_term_string}"},"query-input":{"@type":"PropertyValueSpecification","valueRequired":true,"valueName":"search_term_string"}}],"inLanguage":"pt-PT"}]}},"uagb_featured_image_src":{"full":false,"thumbnail":false,"medium":false,"medium_large":false,"large":false,"1536x1536":false,"2048x2048":false,"column1-1\/3":false,"column1-2\/3":false,"column1-1\/4":false,"column1-2\/5":false,"column2-1\/1":false,"column2-1\/2":false,"column2-2\/3":false,"column2-3\/5":false,"column3-1\/1":false,"column3-1\/2":false,"column3-1\/3":false,"column3-2\/3":false,"column4-1\/1":false,"column4-1\/2":false,"column4-2\/3":false},"uagb_author_info":{"display_name":"vpadmin","author_link":"https:\/\/catalystsolutions.corpwebz.com\/pt\/author\/vpadmin\/"},"uagb_comment_info":0,"uagb_excerpt":null,"_links":{"self":[{"href":"https:\/\/catalystsolutions.corpwebz.com\/pt\/wp-json\/wp\/v2\/pages\/69","targetHints":{"allow":["GET"]}}],"collection":[{"href":"https:\/\/catalystsolutions.corpwebz.com\/pt\/wp-json\/wp\/v2\/pages"}],"about":[{"href":"https:\/\/catalystsolutions.corpwebz.com\/pt\/wp-json\/wp\/v2\/types\/page"}],"author":[{"embeddable":true,"href":"https:\/\/catalystsolutions.corpwebz.com\/pt\/wp-json\/wp\/v2\/users\/1"}],"replies":[{"embeddable":true,"href":"https:\/\/catalystsolutions.corpwebz.com\/pt\/wp-json\/wp\/v2\/comments?post=69"}],"version-history":[{"count":4,"href":"https:\/\/catalystsolutions.corpwebz.com\/pt\/wp-json\/wp\/v2\/pages\/69\/revisions"}],"predecessor-version":[{"id":221,"href":"https:\/\/catalystsolutions.corpwebz.com\/pt\/wp-json\/wp\/v2\/pages\/69\/revisions\/221"}],"wp:attachment":[{"href":"https:\/\/catalystsolutions.corpwebz.com\/pt\/wp-json\/wp\/v2\/media?parent=69"}],"curies":[{"name":"wp","href":"https:\/\/api.w.org\/{rel}","templated":true}]}}