{"id":335,"date":"2024-11-25T10:34:57","date_gmt":"2024-11-25T02:34:57","guid":{"rendered":"https:\/\/catalystsolutions.corpwebz.com\/vn\/?page_id=335"},"modified":"2024-11-25T10:55:03","modified_gmt":"2024-11-25T02:55:03","slug":"blog","status":"publish","type":"page","link":"https:\/\/catalystsolutions.corpwebz.com\/vn\/blog\/","title":{"rendered":"Blog"},"content":{"rendered":"\n<div class=\"wp-block-uagb-container uagb-block-c5f7000a alignfull uagb-is-root-container\"><div class=\"uagb-container-inner-blocks-wrap\">\n<div class=\"wp-block-uagb-container uagb-block-8431e81d\"><div class='pt-cv-wrapper'> <h3 class='pt-cv-heading-container heading1' data-blockid='g85b5x6k'><span class='pt-cv-heading'> List <\/span><\/h3><div class=\"pt-cv-view pt-cv-blockgrid iscvblock iscvreal list1 layout1\" id=\"pt-cv-view-g85b5x6k\"><div data-id=\"pt-cv-page-1\" class=\"pt-cv-page\" data-cvc=\"1\"><div class=\" pt-cv-content-item pt-cv-2-col\" ><div class=\"pt-cv-thumb-wrapper pull-left \"><a href=\"https:\/\/catalystsolutions.corpwebz.com\/vn\/greensolutions-internal-newsletter-december-2024\/\" class=\"_self pt-cv-href-thumbnail pt-cv-thumb-left\" target=\"_self\" ><img loading=\"lazy\" decoding=\"async\" width=\"768\" height=\"768\" src=\"https:\/\/catalystsolutions.corpwebz.com\/vn\/wp-content\/uploads\/sites\/10\/2026\/03\/GreenSolutions-thumbnail-768x768.png\" class=\"pt-cv-thumbnail pull-left\" alt=\"\" \/><\/a><\/div>\n<div class=\"pt-cv-colwrap\"><div class=\"pt-cv-taxoterm above_title\"><a href='https:\/\/catalystsolutions.corpwebz.com\/vn\/category\/corporate-reports-hub\/internal-newsletters\/' title='Internal Newsletters' class='pt-cv-tax-internal-newsletters'>Internal Newsletters<\/a><\/div><h4 class=\"pt-cv-title\"><a href=\"https:\/\/catalystsolutions.corpwebz.com\/vn\/greensolutions-internal-newsletter-december-2024\/\" class=\"_self\" target=\"_self\" >B\u1ea3n tin n\u1ed9i b\u1ed9 GreenSolutions th\u00e1ng 12 n\u0103m 2024<\/a><\/h4><div class=\"pt-cv-content\"> &#8230;<\/div><div class=\"pt-cv-rmwrap\"><a href=\"https:\/\/catalystsolutions.corpwebz.com\/vn\/greensolutions-internal-newsletter-december-2024\/\" class=\"_self pt-cv-readmore btn btn-success\" target=\"_self\" >Xem Chi Ti\u1ebft<\/a><\/div><\/div><\/div>\n<div class=\" pt-cv-content-item pt-cv-2-col\" ><div class=\"pt-cv-thumb-wrapper pull-left \"><a href=\"https:\/\/catalystsolutions.corpwebz.com\/vn\/flavorscape-a-culinary-exploration-catalog\/\" class=\"_self pt-cv-href-thumbnail pt-cv-thumb-left\" target=\"_self\" ><img loading=\"lazy\" decoding=\"async\" width=\"768\" height=\"768\" src=\"https:\/\/catalystsolutions.corpwebz.com\/vn\/wp-content\/uploads\/sites\/10\/2026\/03\/Flavorscape-A-Culinary-Exploration-Catalog-768x768.png\" class=\"pt-cv-thumbnail pull-left\" alt=\"\" \/><\/a><\/div>\n<div class=\"pt-cv-colwrap\"><div class=\"pt-cv-taxoterm above_title\"><a href='https:\/\/catalystsolutions.corpwebz.com\/vn\/category\/product-showcase\/product-catalogs\/' title='Product Catalogs' class='pt-cv-tax-product-catalogs'>Product Catalogs<\/a><\/div><h4 class=\"pt-cv-title\"><a href=\"https:\/\/catalystsolutions.corpwebz.com\/vn\/flavorscape-a-culinary-exploration-catalog\/\" class=\"_self\" target=\"_self\" >L\u01b0\u1ee3c \u0111\u1ed3 v\u1ecb gi\u00e1c: S\u00e1ch danh m\u1ee5c kh\u00e1m ph\u00e1 \u1ea9m th\u1ef1c<\/a><\/h4><div class=\"pt-cv-content\"> &#8230;<\/div><div class=\"pt-cv-rmwrap\"><a href=\"https:\/\/catalystsolutions.corpwebz.com\/vn\/flavorscape-a-culinary-exploration-catalog\/\" class=\"_self pt-cv-readmore btn btn-success\" target=\"_self\" >Xem Chi Ti\u1ebft<\/a><\/div><\/div><\/div>\n<div class=\" pt-cv-content-item pt-cv-2-col\" ><div class=\"pt-cv-thumb-wrapper pull-left \"><a href=\"https:\/\/catalystsolutions.corpwebz.com\/vn\/pinnacle-builders-realty-future-outlook-newsletter\/\" class=\"_self pt-cv-href-thumbnail pt-cv-thumb-left\" target=\"_self\" ><img loading=\"lazy\" decoding=\"async\" width=\"768\" height=\"768\" src=\"https:\/\/catalystsolutions.corpwebz.com\/vn\/wp-content\/uploads\/sites\/10\/2026\/03\/pinthumb-768x768.png\" class=\"pt-cv-thumbnail pull-left\" alt=\"\" \/><\/a><\/div>\n<div class=\"pt-cv-colwrap\"><div class=\"pt-cv-taxoterm above_title\"><a href='https:\/\/catalystsolutions.corpwebz.com\/vn\/category\/corporate-reports-hub\/future-outlook\/' title='Future Outlook' class='pt-cv-tax-future-outlook'>Future Outlook<\/a><\/div><h4 class=\"pt-cv-title\"><a href=\"https:\/\/catalystsolutions.corpwebz.com\/vn\/pinnacle-builders-realty-future-outlook-newsletter\/\" class=\"_self\" target=\"_self\" >B\u1ea3n tin d\u1ef1 b\u00e1o t\u01b0\u01a1ng lai c\u1ee7a Pinnacle Builders &#038; Realty<\/a><\/h4><div class=\"pt-cv-content\"> &#8230;<\/div><div class=\"pt-cv-rmwrap\"><a href=\"https:\/\/catalystsolutions.corpwebz.com\/vn\/pinnacle-builders-realty-future-outlook-newsletter\/\" class=\"_self pt-cv-readmore btn btn-success\" target=\"_self\" >Xem Chi Ti\u1ebft<\/a><\/div><\/div><\/div>\n<div class=\" pt-cv-content-item pt-cv-2-col\" ><div class=\"pt-cv-thumb-wrapper pull-left \"><a href=\"https:\/\/catalystsolutions.corpwebz.com\/vn\/comprehensive-guide-for-use-case-diagram-based-on-the-example\/\" class=\"_self pt-cv-href-thumbnail pt-cv-thumb-left\" target=\"_self\" ><img decoding=\"async\" src=\"https:\/\/catalystsolutions.corpwebz.com\/vn\/wp-content\/plugins\/content-views-query-and-display-post-page\/public\/assets\/images\/default_image.png\" class=\"pt-cv-thumbnail pull-left cv-default-img\" alt=\"H\u01b0\u1edbng d\u1eabn to\u00e0n di\u1ec7n v\u1ec1 s\u01a1 \u0111\u1ed3 use case d\u1ef1a tr\u00ean v\u00ed d\u1ee5\" title=\"\" \/><\/a><\/div>\n<div class=\"pt-cv-colwrap\"><div class=\"pt-cv-taxoterm above_title\"><a href='https:\/\/catalystsolutions.corpwebz.com\/vn\/category\/unified-modeling-languages\/' title='Unified Modeling Languages' class='pt-cv-tax-unified-modeling-languages'>Unified Modeling Languages<\/a><\/div><h4 class=\"pt-cv-title\"><a href=\"https:\/\/catalystsolutions.corpwebz.com\/vn\/comprehensive-guide-for-use-case-diagram-based-on-the-example\/\" class=\"_self\" target=\"_self\" >H\u01b0\u1edbng d\u1eabn to\u00e0n di\u1ec7n v\u1ec1 s\u01a1 \u0111\u1ed3 use case d\u1ef1a tr\u00ean v\u00ed d\u1ee5<\/a><\/h4><div class=\"pt-cv-content\">Gi\u1edbi thi\u1ec7u v\u1ec1 s\u01a1 \u0111\u1ed3 use case M\u1ed9t s\u01a1 \u0111\u1ed3 use casel\u00e0 m\u1ed9t c\u00f4ng c\u1ee5 n\u1ec1n t\u1ea3ng trongNg\u00f4n ng\u1eef m\u00f4 &#8230;<\/div><div class=\"pt-cv-rmwrap\"><a href=\"https:\/\/catalystsolutions.corpwebz.com\/vn\/comprehensive-guide-for-use-case-diagram-based-on-the-example\/\" class=\"_self pt-cv-readmore btn btn-success\" target=\"_self\" >Xem Chi Ti\u1ebft<\/a><\/div><\/div><\/div>\n<div class=\" pt-cv-content-item pt-cv-2-col\" ><div class=\"pt-cv-thumb-wrapper pull-left \"><a href=\"https:\/\/catalystsolutions.corpwebz.com\/vn\/ai-powered-bcg-matrix-tool-strategic-portfolio-ana\/\" class=\"_self pt-cv-href-thumbnail pt-cv-thumb-left\" target=\"_self\" ><img loading=\"lazy\" decoding=\"async\" width=\"768\" height=\"480\" src=\"https:\/\/catalystsolutions.corpwebz.com\/vn\/wp-content\/uploads\/sites\/10\/2026\/03\/bcg_matrix_analysis_tool_freshwave_beverages-768x480.png\" class=\"pt-cv-thumbnail pull-left\" alt=\"\" \/><\/a><\/div>\n<div class=\"pt-cv-colwrap\"><div class=\"pt-cv-taxoterm above_title\"><a href='https:\/\/catalystsolutions.corpwebz.com\/vn\/category\/ai\/' title='AI' class='pt-cv-tax-ai'>AI<\/a><a href='https:\/\/catalystsolutions.corpwebz.com\/vn\/category\/strategic-analysis\/' title='Strategic Analysis' class='pt-cv-tax-strategic-analysis'>Strategic Analysis<\/a><\/div><h4 class=\"pt-cv-title\"><a href=\"https:\/\/catalystsolutions.corpwebz.com\/vn\/ai-powered-bcg-matrix-tool-strategic-portfolio-ana\/\" class=\"_self\" target=\"_self\" >T\u1ea1o m\u1ed9t danh m\u1ee5c \u0111\u1ed3 u\u1ed1ng chi\u1ebfn l\u01b0\u1ee3c: H\u01b0\u1edbng d\u1eabn ma tr\u1eadn BCG \u0111\u01b0\u1ee3c h\u1ed7 tr\u1ee3 b\u1edfi AI<\/a><\/h4><div class=\"pt-cv-content\">Discover how an AI-powered BCG Matrix tool simplifies strategic portfolio analysis with a 5-step wizard for fast, data-driven insights &#8230;<\/div><div class=\"pt-cv-rmwrap\"><a href=\"https:\/\/catalystsolutions.corpwebz.com\/vn\/ai-powered-bcg-matrix-tool-strategic-portfolio-ana\/\" class=\"_self pt-cv-readmore btn btn-success\" target=\"_self\" >Xem Chi Ti\u1ebft<\/a><\/div><\/div><\/div>\n<div class=\" pt-cv-content-item pt-cv-2-col\" ><div class=\"pt-cv-thumb-wrapper pull-left \"><a href=\"https:\/\/catalystsolutions.corpwebz.com\/vn\/hello-world\/\" class=\"_self pt-cv-href-thumbnail pt-cv-thumb-left\" target=\"_self\" ><img decoding=\"async\" src=\"https:\/\/catalystsolutions.corpwebz.com\/vn\/wp-content\/plugins\/content-views-query-and-display-post-page\/public\/assets\/images\/default_image.png\" class=\"pt-cv-thumbnail pull-left cv-default-img\" alt=\"Xin ch\u00e0o th\u1ebf gi\u1edbi!\" title=\"\" \/><\/a><\/div>\n<div class=\"pt-cv-colwrap\"><div class=\"pt-cv-taxoterm above_title\"><a href='https:\/\/catalystsolutions.corpwebz.com\/vn\/category\/uncategorized\/' title='Uncategorized' class='pt-cv-tax-uncategorized'>Uncategorized<\/a><\/div><h4 class=\"pt-cv-title\"><a href=\"https:\/\/catalystsolutions.corpwebz.com\/vn\/hello-world\/\" class=\"_self\" target=\"_self\" >Xin ch\u00e0o th\u1ebf gi\u1edbi!<\/a><\/h4><div class=\"pt-cv-content\">Ch\u00e0o m\u1eebng b\u1ea1n \u0111\u1ebfn v\u1edbi WordPress. \u0110\u00e2y l\u00e0 b\u00e0i \u0111\u0103ng \u0111\u1ea7u ti\u00ean c\u1ee7a b\u1ea1n. Ch\u1ec9nh s\u1eeda ho\u1eb7c x\u00f3a n\u00f3, sau &#8230;<\/div><div class=\"pt-cv-rmwrap\"><a href=\"https:\/\/catalystsolutions.corpwebz.com\/vn\/hello-world\/\" class=\"_self pt-cv-readmore btn btn-success\" target=\"_self\" >Xem Chi Ti\u1ebft<\/a><\/div><\/div><\/div><\/div><\/div> <\/div> <style>\n\n#pt-cv-view-g85b5x6k .pt-cv-meta-fields {  }#pt-cv-view-g85b5x6k .pt-cv-meta-fields * { font-size: 13px; }#pt-cv-view-g85b5x6k .pt-cv-thumb-wrapper:not(.miniwrap) { width: 40%; }#pt-cv-view-g85b5x6k .pt-cv-thumbnail:not(.pt-cv-thumbnailsm) { height: 300px; }#pt-cv-view-g85b5x6k .pt-cv-title a { display: block; }#pt-cv-view-g85b5x6k .pt-cv-title:not(.pt-cv-titlesm) a { font-weight: 600;text-decoration: none;font-size: 22px; }#pt-cv-view-g85b5x6k .pt-cv-titlesm a { font-weight: 600;font-size: 18px; }#pt-cv-view-g85b5x6k .pt-cv-content { font-size: 15px; }#pt-cv-view-g85b5x6k .pt-cv-readmore { color: #fff;background-color: #0075ff;font-size: 14px; }#pt-cv-view-g85b5x6k .pt-cv-taxoterm {  }#pt-cv-view-g85b5x6k .pt-cv-taxoterm * { color: #222;background-color: #fff6f6;font-size: 14px; }#pt-cv-view-g85b5x6k + .pt-cv-pagination-wrapper {  }#pt-cv-view-g85b5x6k + .pt-cv-pagination-wrapper a { font-size: 14px; }#pt-cv-view-g85b5x6k > .pt-cv-page {grid-template-columns: repeat(1, 1fr);grid-gap: 20px;}\n@media all and (max-width: 1024px) { \n#pt-cv-view-g85b5x6k > .pt-cv-page {grid-template-columns: repeat(1, 1fr);}\n} \n@media all and (max-width: 767px) { \n#pt-cv-view-g85b5x6k > .pt-cv-page {grid-template-columns: repeat(1, 1fr);}\n} <\/style><\/div>\n\n\n\n<div class=\"wp-block-uagb-container uagb-block-9302cf66\">\n<div class=\"wp-block-uagb-advanced-heading uagb-block-2fe1bc03\"><h2 class=\"uagb-heading-text\">Categories<\/h2><\/div>\n\n\n<ul class=\"wp-block-categories-list wp-block-categories\">\t<li class=\"cat-item cat-item-28\"><a href=\"https:\/\/catalystsolutions.corpwebz.com\/vn\/category\/ai\/\">AI<\/a>\n<\/li>\n\t<li class=\"cat-item cat-item-24\"><a href=\"https:\/\/catalystsolutions.corpwebz.com\/vn\/category\/anifuzion-learning-references\/\">AniFuzion Learning References<\/a>\n<\/li>\n\t<li class=\"cat-item cat-item-31\"><a href=\"https:\/\/catalystsolutions.corpwebz.com\/vn\/category\/animation-maker\/\">Animation Maker<\/a>\n<\/li>\n\t<li class=\"cat-item cat-item-12\"><a href=\"https:\/\/catalystsolutions.corpwebz.com\/vn\/category\/corporate-reports-hub\/annual-reports\/\">Annual Reports<\/a>\n<\/li>\n\t<li class=\"cat-item cat-item-26\"><a href=\"https:\/\/catalystsolutions.corpwebz.com\/vn\/category\/bookshelf\/\">Bookshelf<\/a>\n<\/li>\n\t<li class=\"cat-item cat-item-11\"><a href=\"https:\/\/catalystsolutions.corpwebz.com\/vn\/category\/corporate-reports-hub\/ceo-messages\/\">CEO Messages<\/a>\n<\/li>\n\t<li class=\"cat-item cat-item-35\"><a href=\"https:\/\/catalystsolutions.corpwebz.com\/vn\/category\/content-visual\/\">Content &amp; Visual<\/a>\n<\/li>\n\t<li class=\"cat-item cat-item-14\"><a href=\"https:\/\/catalystsolutions.corpwebz.com\/vn\/category\/corporate-reports-hub\/corporate-governance-report\/\">Corporate Governance Report<\/a>\n<\/li>\n\t<li class=\"cat-item cat-item-4\"><a href=\"https:\/\/catalystsolutions.corpwebz.com\/vn\/category\/corporate-reports-hub\/\">Corporate Reports Hub<\/a>\n<\/li>\n\t<li class=\"cat-item cat-item-3\"><a href=\"https:\/\/catalystsolutions.corpwebz.com\/vn\/category\/corporate-training-center\/\">Corporate Training Center<\/a>\n<\/li>\n\t<li class=\"cat-item cat-item-15\"><a href=\"https:\/\/catalystsolutions.corpwebz.com\/vn\/category\/corporate-reports-hub\/employee-and-culture-highlights\/\">Employee and Culture Highlights<\/a>\n<\/li>\n\t<li class=\"cat-item cat-item-8\"><a href=\"https:\/\/catalystsolutions.corpwebz.com\/vn\/category\/corporate-training-center\/employee-resources\/\">Employee Resources<\/a>\n<\/li>\n\t<li class=\"cat-item cat-item-25\"><a href=\"https:\/\/catalystsolutions.corpwebz.com\/vn\/category\/flipbook-maker\/\">Flipbook Maker<\/a>\n<\/li>\n\t<li class=\"cat-item cat-item-16\"><a href=\"https:\/\/catalystsolutions.corpwebz.com\/vn\/category\/corporate-reports-hub\/future-outlook\/\">Future Outlook<\/a>\n<\/li>\n\t<li class=\"cat-item cat-item-10\"><a href=\"https:\/\/catalystsolutions.corpwebz.com\/vn\/category\/corporate-training-center\/guidelines\/\">Guidelines<\/a>\n<\/li>\n\t<li class=\"cat-item cat-item-13\"><a href=\"https:\/\/catalystsolutions.corpwebz.com\/vn\/category\/corporate-reports-hub\/internal-newsletters\/\">Internal Newsletters<\/a>\n<\/li>\n\t<li class=\"cat-item cat-item-22\"><a href=\"https:\/\/catalystsolutions.corpwebz.com\/vn\/category\/project-archives\/meeting-minutes\/\">Meeting Minutes<\/a>\n<\/li>\n\t<li class=\"cat-item cat-item-18\"><a href=\"https:\/\/catalystsolutions.corpwebz.com\/vn\/category\/product-showcase\/product-catalogs\/\">Product Catalogs<\/a>\n<\/li>\n\t<li class=\"cat-item cat-item-5\"><a href=\"https:\/\/catalystsolutions.corpwebz.com\/vn\/category\/product-showcase\/\">Product Showcase<\/a>\n<\/li>\n\t<li class=\"cat-item cat-item-6\"><a href=\"https:\/\/catalystsolutions.corpwebz.com\/vn\/category\/project-archives\/\">Project Archives<\/a>\n<\/li>\n\t<li class=\"cat-item cat-item-20\"><a href=\"https:\/\/catalystsolutions.corpwebz.com\/vn\/category\/project-archives\/project-log\/\">Project Log<\/a>\n<\/li>\n\t<li class=\"cat-item cat-item-17\"><a href=\"https:\/\/catalystsolutions.corpwebz.com\/vn\/category\/product-showcase\/promos\/\">Promos<\/a>\n<\/li>\n\t<li class=\"cat-item cat-item-9\"><a href=\"https:\/\/catalystsolutions.corpwebz.com\/vn\/category\/corporate-training-center\/regulations\/\">Regulations<\/a>\n<\/li>\n\t<li class=\"cat-item cat-item-19\"><a href=\"https:\/\/catalystsolutions.corpwebz.com\/vn\/category\/project-archives\/reports\/\">Reports<\/a>\n<\/li>\n\t<li class=\"cat-item cat-item-44\"><a href=\"https:\/\/catalystsolutions.corpwebz.com\/vn\/category\/software-development\/\">Software Development<\/a>\n<\/li>\n\t<li class=\"cat-item cat-item-45\"><a href=\"https:\/\/catalystsolutions.corpwebz.com\/vn\/category\/strategic-analysis\/\">Strategic Analysis<\/a>\n<\/li>\n\t<li class=\"cat-item cat-item-7\"><a href=\"https:\/\/catalystsolutions.corpwebz.com\/vn\/category\/corporate-training-center\/training-manuals\/\">Training Manuals<\/a>\n<\/li>\n\t<li class=\"cat-item cat-item-1\"><a href=\"https:\/\/catalystsolutions.corpwebz.com\/vn\/category\/uncategorized\/\">Uncategorized<\/a>\n<\/li>\n\t<li class=\"cat-item cat-item-27\"><a href=\"https:\/\/catalystsolutions.corpwebz.com\/vn\/category\/unified-modeling-languages\/\">Unified Modeling Languages<\/a>\n<\/li>\n<\/ul><\/div>\n<\/div><\/div>\n","protected":false},"excerpt":{"rendered":"<p>Categories<\/p>\n","protected":false},"author":1,"featured_media":0,"parent":0,"menu_order":0,"comment_status":"closed","ping_status":"closed","template":"","meta":{"_yoast_wpseo_title":"","_yoast_wpseo_metadesc":"","_uag_custom_page_level_css":"","footnotes":""},"class_list":["post-335","page","type-page","status-publish","hentry"],"yoast_head":"<!-- This site is optimized with the Yoast SEO plugin v23.9 - https:\/\/yoast.com\/wordpress\/plugins\/seo\/ -->\n<title>Blog - Catalyst Solutions Vietnamese<\/title>\n<meta name=\"robots\" content=\"index, follow, max-snippet:-1, max-image-preview:large, max-video-preview:-1\" \/>\n<link rel=\"canonical\" href=\"https:\/\/catalystsolutions.corpwebz.com\/vn\/blog\/\" \/>\n<meta property=\"og:locale\" content=\"vi_VN\" \/>\n<meta property=\"og:type\" content=\"article\" \/>\n<meta property=\"og:title\" content=\"Blog - Catalyst Solutions Vietnamese\" \/>\n<meta property=\"og:description\" content=\"Categories\" \/>\n<meta property=\"og:url\" content=\"https:\/\/catalystsolutions.corpwebz.com\/vn\/blog\/\" \/>\n<meta property=\"og:site_name\" content=\"Catalyst Solutions Vietnamese\" \/>\n<meta property=\"article:modified_time\" content=\"2024-11-25T02:55:03+00:00\" \/>\n<meta name=\"twitter:card\" content=\"summary_large_image\" \/>\n<meta name=\"twitter:label1\" content=\"\u01af\u1edbc t\u00ednh th\u1eddi gian \u0111\u1ecdc\" \/>\n\t<meta name=\"twitter:data1\" content=\"1 ph\u00fat\" \/>\n<script type=\"application\/ld+json\" class=\"yoast-schema-graph\">{\"@context\":\"https:\/\/schema.org\",\"@graph\":[{\"@type\":\"WebPage\",\"@id\":\"https:\/\/catalystsolutions.corpwebz.com\/vn\/blog\/\",\"url\":\"https:\/\/catalystsolutions.corpwebz.com\/vn\/blog\/\",\"name\":\"Blog - Catalyst Solutions Vietnamese\",\"isPartOf\":{\"@id\":\"https:\/\/catalystsolutions.corpwebz.com\/vn\/#website\"},\"datePublished\":\"2024-11-25T02:34:57+00:00\",\"dateModified\":\"2024-11-25T02:55:03+00:00\",\"breadcrumb\":{\"@id\":\"https:\/\/catalystsolutions.corpwebz.com\/vn\/blog\/#breadcrumb\"},\"inLanguage\":\"vi\",\"potentialAction\":[{\"@type\":\"ReadAction\",\"target\":[\"https:\/\/catalystsolutions.corpwebz.com\/vn\/blog\/\"]}]},{\"@type\":\"BreadcrumbList\",\"@id\":\"https:\/\/catalystsolutions.corpwebz.com\/vn\/blog\/#breadcrumb\",\"itemListElement\":[{\"@type\":\"ListItem\",\"position\":1,\"name\":\"Home\",\"item\":\"https:\/\/catalystsolutions.corpwebz.com\/vn\/\"},{\"@type\":\"ListItem\",\"position\":2,\"name\":\"Blog\"}]},{\"@type\":\"WebSite\",\"@id\":\"https:\/\/catalystsolutions.corpwebz.com\/vn\/#website\",\"url\":\"https:\/\/catalystsolutions.corpwebz.com\/vn\/\",\"name\":\"Catalyst Solutions Vietnamese\",\"description\":\"\",\"potentialAction\":[{\"@type\":\"SearchAction\",\"target\":{\"@type\":\"EntryPoint\",\"urlTemplate\":\"https:\/\/catalystsolutions.corpwebz.com\/vn\/?s={search_term_string}\"},\"query-input\":{\"@type\":\"PropertyValueSpecification\",\"valueRequired\":true,\"valueName\":\"search_term_string\"}}],\"inLanguage\":\"vi\"}]}<\/script>\n<!-- \/ Yoast SEO plugin. -->","yoast_head_json":{"title":"Blog - Catalyst Solutions Vietnamese","robots":{"index":"index","follow":"follow","max-snippet":"max-snippet:-1","max-image-preview":"max-image-preview:large","max-video-preview":"max-video-preview:-1"},"canonical":"https:\/\/catalystsolutions.corpwebz.com\/vn\/blog\/","og_locale":"vi_VN","og_type":"article","og_title":"Blog - Catalyst Solutions Vietnamese","og_description":"Categories","og_url":"https:\/\/catalystsolutions.corpwebz.com\/vn\/blog\/","og_site_name":"Catalyst Solutions Vietnamese","article_modified_time":"2024-11-25T02:55:03+00:00","twitter_card":"summary_large_image","twitter_misc":{"\u01af\u1edbc t\u00ednh th\u1eddi gian \u0111\u1ecdc":"1 ph\u00fat"},"schema":{"@context":"https:\/\/schema.org","@graph":[{"@type":"WebPage","@id":"https:\/\/catalystsolutions.corpwebz.com\/vn\/blog\/","url":"https:\/\/catalystsolutions.corpwebz.com\/vn\/blog\/","name":"Blog - Catalyst Solutions Vietnamese","isPartOf":{"@id":"https:\/\/catalystsolutions.corpwebz.com\/vn\/#website"},"datePublished":"2024-11-25T02:34:57+00:00","dateModified":"2024-11-25T02:55:03+00:00","breadcrumb":{"@id":"https:\/\/catalystsolutions.corpwebz.com\/vn\/blog\/#breadcrumb"},"inLanguage":"vi","potentialAction":[{"@type":"ReadAction","target":["https:\/\/catalystsolutions.corpwebz.com\/vn\/blog\/"]}]},{"@type":"BreadcrumbList","@id":"https:\/\/catalystsolutions.corpwebz.com\/vn\/blog\/#breadcrumb","itemListElement":[{"@type":"ListItem","position":1,"name":"Home","item":"https:\/\/catalystsolutions.corpwebz.com\/vn\/"},{"@type":"ListItem","position":2,"name":"Blog"}]},{"@type":"WebSite","@id":"https:\/\/catalystsolutions.corpwebz.com\/vn\/#website","url":"https:\/\/catalystsolutions.corpwebz.com\/vn\/","name":"Catalyst Solutions Vietnamese","description":"","potentialAction":[{"@type":"SearchAction","target":{"@type":"EntryPoint","urlTemplate":"https:\/\/catalystsolutions.corpwebz.com\/vn\/?s={search_term_string}"},"query-input":{"@type":"PropertyValueSpecification","valueRequired":true,"valueName":"search_term_string"}}],"inLanguage":"vi"}]}},"uagb_featured_image_src":{"full":false,"thumbnail":false,"medium":false,"medium_large":false,"large":false,"1536x1536":false,"2048x2048":false,"column1-1\/3":false,"column1-2\/3":false,"column1-1\/4":false,"column1-2\/5":false,"column2-1\/1":false,"column2-1\/2":false,"column2-2\/3":false,"column2-3\/5":false,"column3-1\/1":false,"column3-1\/2":false,"column3-1\/3":false,"column3-2\/3":false,"column4-1\/1":false,"column4-1\/2":false,"column4-2\/3":false},"uagb_author_info":{"display_name":"vpadmin","author_link":"https:\/\/catalystsolutions.corpwebz.com\/vn\/author\/vpadmin\/"},"uagb_comment_info":0,"uagb_excerpt":"Categories","_links":{"self":[{"href":"https:\/\/catalystsolutions.corpwebz.com\/vn\/wp-json\/wp\/v2\/pages\/335","targetHints":{"allow":["GET"]}}],"collection":[{"href":"https:\/\/catalystsolutions.corpwebz.com\/vn\/wp-json\/wp\/v2\/pages"}],"about":[{"href":"https:\/\/catalystsolutions.corpwebz.com\/vn\/wp-json\/wp\/v2\/types\/page"}],"author":[{"embeddable":true,"href":"https:\/\/catalystsolutions.corpwebz.com\/vn\/wp-json\/wp\/v2\/users\/1"}],"replies":[{"embeddable":true,"href":"https:\/\/catalystsolutions.corpwebz.com\/vn\/wp-json\/wp\/v2\/comments?post=335"}],"version-history":[{"count":6,"href":"https:\/\/catalystsolutions.corpwebz.com\/vn\/wp-json\/wp\/v2\/pages\/335\/revisions"}],"predecessor-version":[{"id":345,"href":"https:\/\/catalystsolutions.corpwebz.com\/vn\/wp-json\/wp\/v2\/pages\/335\/revisions\/345"}],"wp:attachment":[{"href":"https:\/\/catalystsolutions.corpwebz.com\/vn\/wp-json\/wp\/v2\/media?parent=335"}],"curies":[{"name":"wp","href":"https:\/\/api.w.org\/{rel}","templated":true}]}}