{"id":71,"date":"2023-12-19T10:50:03","date_gmt":"2023-12-19T02:50:03","guid":{"rendered":"https:\/\/catalystsolutions.corpwebz.com\/vn\/?page_id=71"},"modified":"2025-03-18T11:27:14","modified_gmt":"2025-03-18T03:27:14","slug":"71-2","status":"publish","type":"page","link":"https:\/\/catalystsolutions.corpwebz.com\/vn\/","title":{"rendered":"Home"},"content":{"rendered":"\r\n<div class=\"wp-block-columns promo-block has-vivid-cyan-blue-background-color has-background is-layout-flex wp-container-core-columns-is-layout-9d6595d7 wp-block-columns-is-layout-flex\">\r\n<div class=\"wp-block-column is-layout-flow wp-block-column-is-layout-flow\" style=\"flex-basis: 100%;\">\r\n<div class=\"wp-block-uagb-call-to-action uagb-block-5c7264ef wp-block-button\">\r\n<div class=\"uagb-cta__wrap\">\r\n<h3 class=\"uagb-cta__title\">Interested in Self-hosting your own Flipbook?<\/h3>\r\n<p class=\"uagb-cta__desc\">Visual Paradigm Publication Server empowers users to self-host their flipbooks, granting them complete control over the storage and security of their valuable content.<\/p>\r\n<\/div>\r\n<div class=\"uagb-cta__buttons\"><a class=\"uagb-cta__button-link-wrapper wp-block-button__link\" href=\"https:\/\/online.visual-paradigm.com\/flipbook-maker\/self-hosted-service\/\" target=\"_blank\" rel=\"noopener noreferrer\">Read More<\/a><\/div>\r\n<\/div>\r\n<\/div>\r\n<\/div>\r\n\r\n\r\n\r\n<div class=\"wp-block-spacer\" style=\"height: 30px;\" aria-hidden=\"true\">\u00a0<\/div>\r\n\r\n\r\n<div class=\"pt-cv-wrapper\"><div class=\"pt-cv-view pt-cv-blockgrid iscvblock iscvhybrid grid1 layout1\" id=\"pt-cv-view-650c66brbm\"><div data-id=\"pt-cv-page-1\" class=\"pt-cv-page\" data-cvc=\"3\"><div class=\" pt-cv-content-item pt-cv-1-col\" ><div class=\"pt-cv-thumb-wrapper  \"><a href=\"https:\/\/catalystsolutions.corpwebz.com\/vn\/greensolutions-internal-newsletter-december-2024\/\" class=\"_self pt-cv-href-thumbnail pt-cv-thumb-default\" target=\"_self\" ><img loading=\"lazy\" decoding=\"async\" width=\"1024\" height=\"1024\" src=\"https:\/\/catalystsolutions.corpwebz.com\/vn\/wp-content\/uploads\/sites\/10\/2026\/03\/GreenSolutions-thumbnail.png\" class=\"pt-cv-thumbnail\" alt=\"\" \/><\/a><\/div>\n<div class=\"pt-cv-taxoterm above_title\"><a href='https:\/\/catalystsolutions.corpwebz.com\/vn\/category\/corporate-reports-hub\/internal-newsletters\/' title='Internal Newsletters' class='pt-cv-tax-internal-newsletters'>Internal Newsletters<\/a><\/div>\n<h4 class=\"pt-cv-title\"><a href=\"https:\/\/catalystsolutions.corpwebz.com\/vn\/greensolutions-internal-newsletter-december-2024\/\" class=\"_self\" target=\"_self\" >B\u1ea3n tin n\u1ed9i b\u1ed9 GreenSolutions th\u00e1ng 12 n\u0103m 2024<\/a><\/h4><\/div>\n<div class=\" pt-cv-content-item pt-cv-1-col\" ><div class=\"pt-cv-thumb-wrapper  \"><a href=\"https:\/\/catalystsolutions.corpwebz.com\/vn\/flavorscape-a-culinary-exploration-catalog\/\" class=\"_self pt-cv-href-thumbnail pt-cv-thumb-default\" target=\"_self\" ><img loading=\"lazy\" decoding=\"async\" width=\"1024\" height=\"1024\" src=\"https:\/\/catalystsolutions.corpwebz.com\/vn\/wp-content\/uploads\/sites\/10\/2026\/03\/Flavorscape-A-Culinary-Exploration-Catalog.png\" class=\"pt-cv-thumbnail\" alt=\"\" \/><\/a><\/div>\n<div class=\"pt-cv-taxoterm above_title\"><a href='https:\/\/catalystsolutions.corpwebz.com\/vn\/category\/product-showcase\/product-catalogs\/' title='Product Catalogs' class='pt-cv-tax-product-catalogs'>Product Catalogs<\/a><\/div>\n<h4 class=\"pt-cv-title\"><a href=\"https:\/\/catalystsolutions.corpwebz.com\/vn\/flavorscape-a-culinary-exploration-catalog\/\" class=\"_self\" target=\"_self\" >L\u01b0\u1ee3c \u0111\u1ed3 v\u1ecb gi\u00e1c: S\u00e1ch danh m\u1ee5c kh\u00e1m ph\u00e1 \u1ea9m th\u1ef1c<\/a><\/h4><\/div>\n<div class=\" pt-cv-content-item pt-cv-1-col\" ><div class=\"pt-cv-thumb-wrapper  \"><a href=\"https:\/\/catalystsolutions.corpwebz.com\/vn\/pinnacle-builders-realty-future-outlook-newsletter\/\" class=\"_self pt-cv-href-thumbnail pt-cv-thumb-default\" target=\"_self\" ><img loading=\"lazy\" decoding=\"async\" width=\"1024\" height=\"1024\" src=\"https:\/\/catalystsolutions.corpwebz.com\/vn\/wp-content\/uploads\/sites\/10\/2026\/03\/pinthumb.png\" class=\"pt-cv-thumbnail\" alt=\"\" \/><\/a><\/div>\n<div class=\"pt-cv-taxoterm above_title\"><a href='https:\/\/catalystsolutions.corpwebz.com\/vn\/category\/corporate-reports-hub\/future-outlook\/' title='Future Outlook' class='pt-cv-tax-future-outlook'>Future Outlook<\/a><\/div>\n<h4 class=\"pt-cv-title\"><a href=\"https:\/\/catalystsolutions.corpwebz.com\/vn\/pinnacle-builders-realty-future-outlook-newsletter\/\" class=\"_self\" target=\"_self\" >B\u1ea3n tin d\u1ef1 b\u00e1o t\u01b0\u01a1ng lai c\u1ee7a Pinnacle Builders &#038; Realty<\/a><\/h4><\/div>\n<div class=\" pt-cv-content-item pt-cv-1-col\" ><div class=\"pt-cv-thumb-wrapper  \"><a href=\"https:\/\/catalystsolutions.corpwebz.com\/vn\/ai-powered-bcg-matrix-tool-strategic-portfolio-ana\/\" class=\"_self pt-cv-href-thumbnail pt-cv-thumb-default\" target=\"_self\" ><img loading=\"lazy\" decoding=\"async\" width=\"1024\" height=\"640\" src=\"https:\/\/catalystsolutions.corpwebz.com\/vn\/wp-content\/uploads\/sites\/10\/2026\/03\/bcg_matrix_analysis_tool_freshwave_beverages-1024x640.png\" class=\"pt-cv-thumbnail\" alt=\"\" \/><\/a><\/div>\n<div class=\"pt-cv-taxoterm above_title\"><a href='https:\/\/catalystsolutions.corpwebz.com\/vn\/category\/ai\/' title='AI' class='pt-cv-tax-ai'>AI<\/a><a href='https:\/\/catalystsolutions.corpwebz.com\/vn\/category\/strategic-analysis\/' title='Strategic Analysis' class='pt-cv-tax-strategic-analysis'>Strategic Analysis<\/a><\/div>\n<h4 class=\"pt-cv-title\"><a href=\"https:\/\/catalystsolutions.corpwebz.com\/vn\/ai-powered-bcg-matrix-tool-strategic-portfolio-ana\/\" class=\"_self\" target=\"_self\" >T\u1ea1o m\u1ed9t danh m\u1ee5c \u0111\u1ed3 u\u1ed1ng chi\u1ebfn l\u01b0\u1ee3c: H\u01b0\u1edbng d\u1eabn ma tr\u1eadn BCG \u0111\u01b0\u1ee3c h\u1ed7 tr\u1ee3 b\u1edfi AI<\/a><\/h4><\/div>\n<div class=\" pt-cv-content-item pt-cv-1-col\" ><div class=\"pt-cv-thumb-wrapper  \"><a href=\"https:\/\/catalystsolutions.corpwebz.com\/vn\/hello-world\/\" class=\"_self pt-cv-href-thumbnail pt-cv-thumb-default\" target=\"_self\" ><img decoding=\"async\" src=\"https:\/\/catalystsolutions.corpwebz.com\/vn\/wp-content\/plugins\/content-views-query-and-display-post-page\/public\/assets\/images\/default_image.png\" class=\"pt-cv-thumbnail cv-default-img\" alt=\"Xin ch\u00e0o th\u1ebf gi\u1edbi!\" title=\"\" \/><\/a><\/div>\n<div class=\"pt-cv-taxoterm above_title\"><a href='https:\/\/catalystsolutions.corpwebz.com\/vn\/category\/uncategorized\/' title='Uncategorized' class='pt-cv-tax-uncategorized'>Uncategorized<\/a><\/div>\n<h4 class=\"pt-cv-title\"><a href=\"https:\/\/catalystsolutions.corpwebz.com\/vn\/hello-world\/\" class=\"_self\" target=\"_self\" >Xin ch\u00e0o th\u1ebf gi\u1edbi!<\/a><\/h4><\/div>\n<div class=\" pt-cv-content-item pt-cv-1-col\" ><div class=\"pt-cv-thumb-wrapper  \"><a href=\"https:\/\/catalystsolutions.corpwebz.com\/vn\/journey-to-the-stars-for-new-team-members\/\" class=\"_self pt-cv-href-thumbnail pt-cv-thumb-default\" target=\"_self\" ><img loading=\"lazy\" decoding=\"async\" width=\"1024\" height=\"1024\" src=\"https:\/\/catalystsolutions.corpwebz.com\/vn\/wp-content\/uploads\/sites\/10\/2026\/03\/steller-flipbook.png\" class=\"pt-cv-thumbnail\" alt=\"\" \/><\/a><\/div>\n<div class=\"pt-cv-taxoterm above_title\"><a href='https:\/\/catalystsolutions.corpwebz.com\/vn\/category\/corporate-training-center\/training-manuals\/' title='Training Manuals' class='pt-cv-tax-training-manuals'>Training Manuals<\/a><\/div>\n<h4 class=\"pt-cv-title\"><a href=\"https:\/\/catalystsolutions.corpwebz.com\/vn\/journey-to-the-stars-for-new-team-members\/\" class=\"_self\" target=\"_self\" >H\u00e0nh Tr\u00ecnh T\u1edbi Nh\u1eefng Ng\u00f4i Sao: D\u00e0nh Cho Th\u00e0nh Vi\u00ean M\u1edbi C\u1ee7a \u0110\u1ed9i Nh\u00f3m<\/a><\/h4><\/div><\/div><\/div>\n<div class=\" pt-cv-pagination-wrapper\"><ul class=\"pt-cv-pagination pt-cv-ajax pagination\" data-totalpages=\"2\" data-currentpage=\"1\" data-sid=\"650c66brbm\" data-unid=\"\" data-isblock=\"\" data-postid=\"\"><li class=\"active\"><a href=\"#\">1<\/a><\/li>\n\t<li ><a class=\"\" href=\"https:\/\/catalystsolutions.corpwebz.com\/vn\/wp-json\/wp\/v2\/pages\/71\/?_page=2\">2<\/a><\/li>\n\t<li ><a class=\" \" href=\"https:\/\/catalystsolutions.corpwebz.com\/vn\/wp-json\/wp\/v2\/pages\/71\/?_page=2\">&rsaquo;<\/a><\/li>\n\t<\/ul><img loading=\"lazy\" decoding=\"async\" width=\"15\" height=\"15\" class=\"pt-cv-spinner\" alt=\"Loading...\" src=\"data:image\/gif;base64,R0lGODlhDwAPALMPAMrKygwMDJOTkz09PZWVla+vr3p6euTk5M7OzuXl5TMzMwAAAJmZmWZmZszMzP\/\/\/yH\/C05FVFNDQVBFMi4wAwEAAAAh+QQFCgAPACwAAAAADwAPAAAEQvDJaZaZOIcV8iQK8VRX4iTYoAwZ4iCYoAjZ4RxejhVNoT+mRGP4cyF4Pp0N98sBGIBMEMOotl6YZ3S61Bmbkm4mAgAh+QQFCgAPACwAAAAADQANAAAENPDJSRSZeA418itN8QiK8BiLITVsFiyBBIoYqnoewAD4xPw9iY4XLGYSjkQR4UAUD45DLwIAIfkEBQoADwAsAAAAAA8ACQAABC\/wyVlamTi3nSdgwFNdhEJgTJoNyoB9ISYoQmdjiZPcj7EYCAeCF1gEDo4Dz2eIAAAh+QQFCgAPACwCAAAADQANAAAEM\/DJBxiYeLKdX3IJZT1FU0iIg2RNKx3OkZVnZ98ToRD4MyiDnkAh6BkNC0MvsAj0kMpHBAAh+QQFCgAPACwGAAAACQAPAAAEMDC59KpFDll73HkAA2wVY5KgiK5b0RRoI6MuzG6EQqCDMlSGheEhUAgqgUUAFRySIgAh+QQFCgAPACwCAAIADQANAAAEM\/DJKZNLND\/kkKaHc3xk+QAMYDKsiaqmZCxGVjSFFCxB1vwy2oOgIDxuucxAMTAJFAJNBAAh+QQFCgAPACwAAAYADwAJAAAEMNAs86q1yaWwwv2Ig0jUZx3OYa4XoRAfwADXoAwfo1+CIjyFRuEho60aSNYlOPxEAAAh+QQFCgAPACwAAAIADQANAAAENPA9s4y8+IUVcqaWJ4qEQozSoAzoIyhCK2NFU2SJk0hNnyEOhKR2AzAAj4Pj4GE4W0bkJQIAOw==\" \/><div class=\"clear pt-cv-clear-pagination\"><\/div><\/div><\/div>\t\t\t<style type=\"text\/css\" id=\"pt-cv-inline-style-5243efcn0h\">\n#pt-cv-view-650c66brbm .pt-cv-thumb-wrapper:not(.miniwrap) {  }#pt-cv-view-650c66brbm .pt-cv-thumbnail:not(.pt-cv-thumbnailsm) { height: 250px; }#pt-cv-view-650c66brbm > .pt-cv-page {grid-template-columns: repeat(3, 1fr);grid-gap: 15px;}\n@media all and (max-width: 1024px) { \n#pt-cv-view-650c66brbm > .pt-cv-page {grid-template-columns: repeat(1, 1fr);}\n} \n@media all and (max-width: 767px) { \n#pt-cv-view-650c66brbm > .pt-cv-page {grid-template-columns: repeat(1, 1fr);}\n} <\/style>\r\n\t\t\t","protected":false},"excerpt":{"rendered":"","protected":false},"author":1,"featured_media":0,"parent":0,"menu_order":0,"comment_status":"closed","ping_status":"closed","template":"","meta":{"_yoast_wpseo_title":"","_yoast_wpseo_metadesc":"","_uag_custom_page_level_css":"","footnotes":""},"class_list":["post-71","page","type-page","status-publish","hentry"],"yoast_head":"<!-- This site is optimized with the Yoast SEO plugin v23.9 - https:\/\/yoast.com\/wordpress\/plugins\/seo\/ -->\n<title>Home - Catalyst Solutions Vietnamese<\/title>\n<meta name=\"robots\" content=\"index, follow, max-snippet:-1, max-image-preview:large, max-video-preview:-1\" \/>\n<link rel=\"canonical\" href=\"https:\/\/catalystsolutions.corpwebz.com\/vn\/\" \/>\n<meta property=\"og:locale\" content=\"vi_VN\" \/>\n<meta property=\"og:type\" content=\"article\" \/>\n<meta property=\"og:title\" content=\"Home - Catalyst Solutions Vietnamese\" \/>\n<meta property=\"og:url\" content=\"https:\/\/catalystsolutions.corpwebz.com\/vn\/\" \/>\n<meta property=\"og:site_name\" content=\"Catalyst Solutions Vietnamese\" \/>\n<meta property=\"article:modified_time\" content=\"2025-03-18T03:27:14+00:00\" \/>\n<meta name=\"twitter:card\" content=\"summary_large_image\" \/>\n<meta name=\"twitter:label1\" content=\"\u01af\u1edbc t\u00ednh th\u1eddi gian \u0111\u1ecdc\" \/>\n\t<meta name=\"twitter:data1\" content=\"1 ph\u00fat\" \/>\n<script type=\"application\/ld+json\" class=\"yoast-schema-graph\">{\"@context\":\"https:\/\/schema.org\",\"@graph\":[{\"@type\":\"WebPage\",\"@id\":\"https:\/\/catalystsolutions.corpwebz.com\/vn\/\",\"url\":\"https:\/\/catalystsolutions.corpwebz.com\/vn\/\",\"name\":\"Home - Catalyst Solutions Vietnamese\",\"isPartOf\":{\"@id\":\"https:\/\/catalystsolutions.corpwebz.com\/vn\/#website\"},\"datePublished\":\"2023-12-19T02:50:03+00:00\",\"dateModified\":\"2025-03-18T03:27:14+00:00\",\"breadcrumb\":{\"@id\":\"https:\/\/catalystsolutions.corpwebz.com\/vn\/#breadcrumb\"},\"inLanguage\":\"vi\",\"potentialAction\":[{\"@type\":\"ReadAction\",\"target\":[\"https:\/\/catalystsolutions.corpwebz.com\/vn\/\"]}]},{\"@type\":\"BreadcrumbList\",\"@id\":\"https:\/\/catalystsolutions.corpwebz.com\/vn\/#breadcrumb\",\"itemListElement\":[{\"@type\":\"ListItem\",\"position\":1,\"name\":\"Home\",\"item\":\"https:\/\/catalystsolutions.corpwebz.com\/vn\/\"},{\"@type\":\"ListItem\",\"position\":2,\"name\":\"Home\"}]},{\"@type\":\"WebSite\",\"@id\":\"https:\/\/catalystsolutions.corpwebz.com\/vn\/#website\",\"url\":\"https:\/\/catalystsolutions.corpwebz.com\/vn\/\",\"name\":\"Catalyst Solutions Vietnamese\",\"description\":\"\",\"potentialAction\":[{\"@type\":\"SearchAction\",\"target\":{\"@type\":\"EntryPoint\",\"urlTemplate\":\"https:\/\/catalystsolutions.corpwebz.com\/vn\/?s={search_term_string}\"},\"query-input\":{\"@type\":\"PropertyValueSpecification\",\"valueRequired\":true,\"valueName\":\"search_term_string\"}}],\"inLanguage\":\"vi\"}]}<\/script>\n<!-- \/ Yoast SEO plugin. -->","yoast_head_json":{"title":"Home - Catalyst Solutions Vietnamese","robots":{"index":"index","follow":"follow","max-snippet":"max-snippet:-1","max-image-preview":"max-image-preview:large","max-video-preview":"max-video-preview:-1"},"canonical":"https:\/\/catalystsolutions.corpwebz.com\/vn\/","og_locale":"vi_VN","og_type":"article","og_title":"Home - Catalyst Solutions Vietnamese","og_url":"https:\/\/catalystsolutions.corpwebz.com\/vn\/","og_site_name":"Catalyst Solutions Vietnamese","article_modified_time":"2025-03-18T03:27:14+00:00","twitter_card":"summary_large_image","twitter_misc":{"\u01af\u1edbc t\u00ednh th\u1eddi gian \u0111\u1ecdc":"1 ph\u00fat"},"schema":{"@context":"https:\/\/schema.org","@graph":[{"@type":"WebPage","@id":"https:\/\/catalystsolutions.corpwebz.com\/vn\/","url":"https:\/\/catalystsolutions.corpwebz.com\/vn\/","name":"Home - Catalyst Solutions Vietnamese","isPartOf":{"@id":"https:\/\/catalystsolutions.corpwebz.com\/vn\/#website"},"datePublished":"2023-12-19T02:50:03+00:00","dateModified":"2025-03-18T03:27:14+00:00","breadcrumb":{"@id":"https:\/\/catalystsolutions.corpwebz.com\/vn\/#breadcrumb"},"inLanguage":"vi","potentialAction":[{"@type":"ReadAction","target":["https:\/\/catalystsolutions.corpwebz.com\/vn\/"]}]},{"@type":"BreadcrumbList","@id":"https:\/\/catalystsolutions.corpwebz.com\/vn\/#breadcrumb","itemListElement":[{"@type":"ListItem","position":1,"name":"Home","item":"https:\/\/catalystsolutions.corpwebz.com\/vn\/"},{"@type":"ListItem","position":2,"name":"Home"}]},{"@type":"WebSite","@id":"https:\/\/catalystsolutions.corpwebz.com\/vn\/#website","url":"https:\/\/catalystsolutions.corpwebz.com\/vn\/","name":"Catalyst Solutions Vietnamese","description":"","potentialAction":[{"@type":"SearchAction","target":{"@type":"EntryPoint","urlTemplate":"https:\/\/catalystsolutions.corpwebz.com\/vn\/?s={search_term_string}"},"query-input":{"@type":"PropertyValueSpecification","valueRequired":true,"valueName":"search_term_string"}}],"inLanguage":"vi"}]}},"uagb_featured_image_src":{"full":false,"thumbnail":false,"medium":false,"medium_large":false,"large":false,"1536x1536":false,"2048x2048":false,"column1-1\/3":false,"column1-2\/3":false,"column1-1\/4":false,"column1-2\/5":false,"column2-1\/1":false,"column2-1\/2":false,"column2-2\/3":false,"column2-3\/5":false,"column3-1\/1":false,"column3-1\/2":false,"column3-1\/3":false,"column3-2\/3":false,"column4-1\/1":false,"column4-1\/2":false,"column4-2\/3":false},"uagb_author_info":{"display_name":"vpadmin","author_link":"https:\/\/catalystsolutions.corpwebz.com\/vn\/author\/vpadmin\/"},"uagb_comment_info":0,"uagb_excerpt":null,"_links":{"self":[{"href":"https:\/\/catalystsolutions.corpwebz.com\/vn\/wp-json\/wp\/v2\/pages\/71","targetHints":{"allow":["GET"]}}],"collection":[{"href":"https:\/\/catalystsolutions.corpwebz.com\/vn\/wp-json\/wp\/v2\/pages"}],"about":[{"href":"https:\/\/catalystsolutions.corpwebz.com\/vn\/wp-json\/wp\/v2\/types\/page"}],"author":[{"embeddable":true,"href":"https:\/\/catalystsolutions.corpwebz.com\/vn\/wp-json\/wp\/v2\/users\/1"}],"replies":[{"embeddable":true,"href":"https:\/\/catalystsolutions.corpwebz.com\/vn\/wp-json\/wp\/v2\/comments?post=71"}],"version-history":[{"count":36,"href":"https:\/\/catalystsolutions.corpwebz.com\/vn\/wp-json\/wp\/v2\/pages\/71\/revisions"}],"predecessor-version":[{"id":554,"href":"https:\/\/catalystsolutions.corpwebz.com\/vn\/wp-json\/wp\/v2\/pages\/71\/revisions\/554"}],"wp:attachment":[{"href":"https:\/\/catalystsolutions.corpwebz.com\/vn\/wp-json\/wp\/v2\/media?parent=71"}],"curies":[{"name":"wp","href":"https:\/\/api.w.org\/{rel}","templated":true}]}}